{"id":1130,"date":"2025-12-11T12:23:10","date_gmt":"2025-12-11T12:23:10","guid":{"rendered":"https:\/\/nousenjeu.fr\/site\/?page_id=1130"},"modified":"2026-01-20T13:55:04","modified_gmt":"2026-01-20T13:55:04","slug":"experiences","status":"publish","type":"page","link":"https:\/\/nousenjeu.fr\/site\/experiences\/","title":{"rendered":"Parcours &amp; exp\u00e9riences"},"content":{"rendered":"<h1>Exp\u00e9riences<\/h1>\n<p>2025<\/p>\n<p>Association Oeuvre d&rsquo;eau<\/p>\n<p>\u00a0\u00b7<\/p>\n<p>Facilitation\u00a0<\/p>\n<p>&gt;<\/p>\n<p>Facilitation des r\u00e9unions et prises de d\u00e9cision du Conseil de la Terre r\u00e9unissant \u00e9l\u00e8ves en \u00e9l\u00e9mentaire, membre de l&rsquo;association et chef de projet du p\u00f4le Transition Ecologique autour d&rsquo;un projet d&rsquo;Aire Terrestre \u00c9ducative<\/p>\n<p>2023-aujourd&rsquo;hui<\/p>\n<p>Coop\u00e9rative d&rsquo;habitants \u00celot Vert de la Soulondres<\/p>\n<p>\u00a0\u00b7<\/p>\n<p>Facilitation\u00a0<\/p>\n<p>&gt;<\/p>\n<p>Soutien en gouvernance partag\u00e9e&nbsp;: d\u00e9finition des r\u00f4les, missions et p\u00e9rim\u00e8tres d&rsquo;autorit\u00e9.<\/p>\n<p>Facilitation des processus de d\u00e9cision collective.<\/p>\n<p>Facilitation des r\u00e9unions pl\u00e9ni\u00e8res et de cercles.<\/p>\n<p>Facilitation de l&rsquo;\u00e9laboration de la raison d&rsquo;\u00eatre du collectif.<\/p>\n<p>Conception et animation d&rsquo;ateliers de r\u00e9flexion et d&rsquo;\u00e9laboration d&rsquo;une vision commune sur diff\u00e9rents th\u00e8mes&nbsp;:\u00a0<\/p>\n<p>&gt;<\/p>\n<ul>\n<li><em>les postures \u00e9ducatives des adultes au sein du collectif d&rsquo;habitant\u00b7es<\/em><\/li>\n<li><em>aborder et accompagner les conflits entre enfants<\/em><\/li>\n<li><em>le positionnement politique du collectif<\/em><\/li>\n<li><em>articuler les besoins&nbsp;: s\u00e9curit\u00e9 et ouverture du lieu<\/em><\/li>\n<li><em>les diff\u00e9rences d&rsquo;engagement dans le collectif<\/em><\/li>\n<\/ul>\n<p>2024-2025<\/p>\n<p>Association C\u0153ur d&rsquo;\u00e9cole<\/p>\n<p>\u00a0\u00b7<\/p>\n<p>Accompagnement de la relation \u00e9ducative et des dynamiques relationnelles<\/p>\n<p>&gt;<\/p>\n<p>Accompagnement des enseignants&nbsp;: posture \u00e9ducative, gestion des conflits entre enfants.<\/p>\n<p>M\u00e9diation entre le CA et une salari\u00e9e.<\/p>\n<p>Accompagnement des enfants avec des cycles d&rsquo;ateliers&nbsp;:<\/p>\n<p>&gt;<\/p>\n<ul>\n<li><em>favoriser une climat de confiance et de coop\u00e9ration<\/em><\/li>\n<li><em>d\u00e9velopper son bien-\u00eatre \u00e9motionnel<\/em><\/li>\n<\/ul>\n<p>2022-2024<\/p>\n<p>Association C\u0153ur d&rsquo;\u00e9cole<\/p>\n<p>\u00a0\u00b7<\/p>\n<p>Facilitation en gouvernance partag\u00e9e<\/p>\n<p>&gt;<\/p>\n<p>Restructuration de l&rsquo;association en gouvernance partag\u00e9e.<\/p>\n<p>Facilitation des processus de d\u00e9cision par consentement.<\/p>\n<p>Facilitation des r\u00e9unions du conseil d&rsquo;administration et des assembl\u00e9es g\u00e9n\u00e9rales.<\/p>\n","protected":false},"excerpt":{"rendered":"<p>Exp\u00e9riences 2025 Association Oeuvre d&rsquo;eau \u00a0\u00b7 Facilitation\u00a0 &gt; Facilitation des r\u00e9unions et prises de d\u00e9cision du Conseil de la Terre r\u00e9unissant \u00e9l\u00e8ves en \u00e9l\u00e9mentaire, membre de l&rsquo;association et chef de projet du p\u00f4le Transition Ecologique autour d&rsquo;un projet d&rsquo;Aire Terrestre \u00c9ducative 2023-aujourd&rsquo;hui Coop\u00e9rative d&rsquo;habitants \u00celot Vert de la Soulondres \u00a0\u00b7 Facilitation\u00a0 &gt; Soutien en gouvernance [&hellip;]<\/p>\n","protected":false},"author":1,"featured_media":0,"parent":0,"menu_order":0,"comment_status":"closed","ping_status":"closed","template":"","meta":{"ocean_post_layout":"full-screen","ocean_both_sidebars_style":"","ocean_both_sidebars_content_width":0,"ocean_both_sidebars_sidebars_width":0,"ocean_sidebar":"","ocean_second_sidebar":"","ocean_disable_margins":"enable","ocean_add_body_class":"","ocean_shortcode_before_top_bar":"","ocean_shortcode_after_top_bar":"","ocean_shortcode_before_header":"","ocean_shortcode_after_header":"","ocean_has_shortcode":"","ocean_shortcode_after_title":"","ocean_shortcode_before_footer_widgets":"","ocean_shortcode_after_footer_widgets":"","ocean_shortcode_before_footer_bottom":"","ocean_shortcode_after_footer_bottom":"","ocean_display_top_bar":"off","ocean_display_header":"default","ocean_header_style":"","ocean_center_header_left_menu":"","ocean_custom_header_template":"","ocean_custom_logo":0,"ocean_custom_retina_logo":0,"ocean_custom_logo_max_width":0,"ocean_custom_logo_tablet_max_width":0,"ocean_custom_logo_mobile_max_width":0,"ocean_custom_logo_max_height":0,"ocean_custom_logo_tablet_max_height":0,"ocean_custom_logo_mobile_max_height":0,"ocean_header_custom_menu":"","ocean_menu_typo_font_family":"","ocean_menu_typo_font_subset":"","ocean_menu_typo_font_size":0,"ocean_menu_typo_font_size_tablet":0,"ocean_menu_typo_font_size_mobile":0,"ocean_menu_typo_font_size_unit":"px","ocean_menu_typo_font_weight":"","ocean_menu_typo_font_weight_tablet":"","ocean_menu_typo_font_weight_mobile":"","ocean_menu_typo_transform":"","ocean_menu_typo_transform_tablet":"","ocean_menu_typo_transform_mobile":"","ocean_menu_typo_line_height":0,"ocean_menu_typo_line_height_tablet":0,"ocean_menu_typo_line_height_mobile":0,"ocean_menu_typo_line_height_unit":"","ocean_menu_typo_spacing":0,"ocean_menu_typo_spacing_tablet":0,"ocean_menu_typo_spacing_mobile":0,"ocean_menu_typo_spacing_unit":"","ocean_menu_link_color":"","ocean_menu_link_color_hover":"","ocean_menu_link_color_active":"","ocean_menu_link_background":"","ocean_menu_link_hover_background":"","ocean_menu_link_active_background":"","ocean_menu_social_links_bg":"","ocean_menu_social_hover_links_bg":"","ocean_menu_social_links_color":"","ocean_menu_social_hover_links_color":"","ocean_disable_title":"on","ocean_disable_heading":"default","ocean_post_title":"","ocean_post_subheading":"","ocean_post_title_style":"","ocean_post_title_background_color":"","ocean_post_title_background":0,"ocean_post_title_bg_image_position":"","ocean_post_title_bg_image_attachment":"","ocean_post_title_bg_image_repeat":"","ocean_post_title_bg_image_size":"","ocean_post_title_height":0,"ocean_post_title_bg_overlay":0.5,"ocean_post_title_bg_overlay_color":"","ocean_disable_breadcrumbs":"default","ocean_breadcrumbs_color":"","ocean_breadcrumbs_separator_color":"","ocean_breadcrumbs_links_color":"","ocean_breadcrumbs_links_hover_color":"","ocean_display_footer_widgets":"off","ocean_display_footer_bottom":"off","ocean_custom_footer_template":"","footnotes":""},"class_list":["post-1130","page","type-page","status-publish","hentry","entry"],"yoast_head":"<!-- This site is optimized with the Yoast SEO plugin v27.4 - https:\/\/yoast.com\/product\/yoast-seo-wordpress\/ -->\n<title>Parcours et exp\u00e9riences professionnelles \u2013 Julie Blot, facilitatrice et accompagnatrice<\/title>\n<meta name=\"description\" content=\"D\u00e9couvrez le parcours et les exp\u00e9riences professionnelles de Julie Blot, facilitatrice et accompagnatrice. Formations, accompagnements, et projets concrets pour l\u2019\u00e9ducation, la relation et les dynamiques collectives.\" \/>\n<meta name=\"robots\" content=\"index, follow, max-snippet:-1, max-image-preview:large, max-video-preview:-1\" \/>\n<link rel=\"canonical\" href=\"https:\/\/nousenjeu.fr\/site\/experiences\/\" \/>\n<meta property=\"og:locale\" content=\"fr_FR\" \/>\n<meta property=\"og:type\" content=\"article\" \/>\n<meta property=\"og:title\" content=\"Parcours et exp\u00e9riences professionnelles \u2013 Julie Blot, facilitatrice et accompagnatrice\" \/>\n<meta property=\"og:description\" content=\"D\u00e9couvrez le parcours et les exp\u00e9riences professionnelles de Julie Blot, facilitatrice et accompagnatrice. Formations, accompagnements, et projets concrets pour l\u2019\u00e9ducation, la relation et les dynamiques collectives.\" \/>\n<meta property=\"og:url\" content=\"https:\/\/nousenjeu.fr\/site\/experiences\/\" \/>\n<meta property=\"og:site_name\" content=\"Nous en Jeu\" \/>\n<meta property=\"article:modified_time\" content=\"2026-01-20T13:55:04+00:00\" \/>\n<meta name=\"twitter:card\" content=\"summary_large_image\" \/>\n<meta name=\"twitter:label1\" content=\"Dur\u00e9e de lecture estim\u00e9e\" \/>\n\t<meta name=\"twitter:data1\" content=\"2 minutes\" \/>\n<script type=\"application\/ld+json\" class=\"yoast-schema-graph\">{\"@context\":\"https:\\\/\\\/schema.org\",\"@graph\":[{\"@type\":\"WebPage\",\"@id\":\"https:\\\/\\\/nousenjeu.fr\\\/site\\\/experiences\\\/\",\"url\":\"https:\\\/\\\/nousenjeu.fr\\\/site\\\/experiences\\\/\",\"name\":\"Parcours et exp\u00e9riences professionnelles \u2013 Julie Blot, facilitatrice et accompagnatrice\",\"isPartOf\":{\"@id\":\"https:\\\/\\\/nousenjeu.fr\\\/site\\\/#website\"},\"datePublished\":\"2025-12-11T12:23:10+00:00\",\"dateModified\":\"2026-01-20T13:55:04+00:00\",\"description\":\"D\u00e9couvrez le parcours et les exp\u00e9riences professionnelles de Julie Blot, facilitatrice et accompagnatrice. Formations, accompagnements, et projets concrets pour l\u2019\u00e9ducation, la relation et les dynamiques collectives.\",\"breadcrumb\":{\"@id\":\"https:\\\/\\\/nousenjeu.fr\\\/site\\\/experiences\\\/#breadcrumb\"},\"inLanguage\":\"fr-FR\",\"potentialAction\":[{\"@type\":\"ReadAction\",\"target\":[\"https:\\\/\\\/nousenjeu.fr\\\/site\\\/experiences\\\/\"]}]},{\"@type\":\"BreadcrumbList\",\"@id\":\"https:\\\/\\\/nousenjeu.fr\\\/site\\\/experiences\\\/#breadcrumb\",\"itemListElement\":[{\"@type\":\"ListItem\",\"position\":1,\"name\":\"Accueil\",\"item\":\"https:\\\/\\\/nousenjeu.fr\\\/site\\\/\"},{\"@type\":\"ListItem\",\"position\":2,\"name\":\"Parcours &amp; exp\u00e9riences\"}]},{\"@type\":\"WebSite\",\"@id\":\"https:\\\/\\\/nousenjeu.fr\\\/site\\\/#website\",\"url\":\"https:\\\/\\\/nousenjeu.fr\\\/site\\\/\",\"name\":\"Nous en Jeu\",\"description\":\"Cultiver la coop\u00e9ration et les relations authentiques pour mieux vivre ensemble\",\"publisher\":{\"@id\":\"https:\\\/\\\/nousenjeu.fr\\\/site\\\/#organization\"},\"potentialAction\":[{\"@type\":\"SearchAction\",\"target\":{\"@type\":\"EntryPoint\",\"urlTemplate\":\"https:\\\/\\\/nousenjeu.fr\\\/site\\\/?s={search_term_string}\"},\"query-input\":{\"@type\":\"PropertyValueSpecification\",\"valueRequired\":true,\"valueName\":\"search_term_string\"}}],\"inLanguage\":\"fr-FR\"},{\"@type\":\"Organization\",\"@id\":\"https:\\\/\\\/nousenjeu.fr\\\/site\\\/#organization\",\"name\":\"Nous en Jeu\",\"url\":\"https:\\\/\\\/nousenjeu.fr\\\/site\\\/\",\"logo\":{\"@type\":\"ImageObject\",\"inLanguage\":\"fr-FR\",\"@id\":\"https:\\\/\\\/nousenjeu.fr\\\/site\\\/#\\\/schema\\\/logo\\\/image\\\/\",\"url\":\"https:\\\/\\\/nousenjeu.fr\\\/site\\\/wp-content\\\/uploads\\\/2025\\\/08\\\/Logo-Nous-en-Jeu_fond-transparent.png\",\"contentUrl\":\"https:\\\/\\\/nousenjeu.fr\\\/site\\\/wp-content\\\/uploads\\\/2025\\\/08\\\/Logo-Nous-en-Jeu_fond-transparent.png\",\"width\":614,\"height\":519,\"caption\":\"Nous en Jeu\"},\"image\":{\"@id\":\"https:\\\/\\\/nousenjeu.fr\\\/site\\\/#\\\/schema\\\/logo\\\/image\\\/\"}}]}<\/script>\n<!-- \/ Yoast SEO plugin. -->","yoast_head_json":{"title":"Parcours et exp\u00e9riences professionnelles \u2013 Julie Blot, facilitatrice et accompagnatrice","description":"D\u00e9couvrez le parcours et les exp\u00e9riences professionnelles de Julie Blot, facilitatrice et accompagnatrice. Formations, accompagnements, et projets concrets pour l\u2019\u00e9ducation, la relation et les dynamiques collectives.","robots":{"index":"index","follow":"follow","max-snippet":"max-snippet:-1","max-image-preview":"max-image-preview:large","max-video-preview":"max-video-preview:-1"},"canonical":"https:\/\/nousenjeu.fr\/site\/experiences\/","og_locale":"fr_FR","og_type":"article","og_title":"Parcours et exp\u00e9riences professionnelles \u2013 Julie Blot, facilitatrice et accompagnatrice","og_description":"D\u00e9couvrez le parcours et les exp\u00e9riences professionnelles de Julie Blot, facilitatrice et accompagnatrice. Formations, accompagnements, et projets concrets pour l\u2019\u00e9ducation, la relation et les dynamiques collectives.","og_url":"https:\/\/nousenjeu.fr\/site\/experiences\/","og_site_name":"Nous en Jeu","article_modified_time":"2026-01-20T13:55:04+00:00","twitter_card":"summary_large_image","twitter_misc":{"Dur\u00e9e de lecture estim\u00e9e":"2 minutes"},"schema":{"@context":"https:\/\/schema.org","@graph":[{"@type":"WebPage","@id":"https:\/\/nousenjeu.fr\/site\/experiences\/","url":"https:\/\/nousenjeu.fr\/site\/experiences\/","name":"Parcours et exp\u00e9riences professionnelles \u2013 Julie Blot, facilitatrice et accompagnatrice","isPartOf":{"@id":"https:\/\/nousenjeu.fr\/site\/#website"},"datePublished":"2025-12-11T12:23:10+00:00","dateModified":"2026-01-20T13:55:04+00:00","description":"D\u00e9couvrez le parcours et les exp\u00e9riences professionnelles de Julie Blot, facilitatrice et accompagnatrice. Formations, accompagnements, et projets concrets pour l\u2019\u00e9ducation, la relation et les dynamiques collectives.","breadcrumb":{"@id":"https:\/\/nousenjeu.fr\/site\/experiences\/#breadcrumb"},"inLanguage":"fr-FR","potentialAction":[{"@type":"ReadAction","target":["https:\/\/nousenjeu.fr\/site\/experiences\/"]}]},{"@type":"BreadcrumbList","@id":"https:\/\/nousenjeu.fr\/site\/experiences\/#breadcrumb","itemListElement":[{"@type":"ListItem","position":1,"name":"Accueil","item":"https:\/\/nousenjeu.fr\/site\/"},{"@type":"ListItem","position":2,"name":"Parcours &amp; exp\u00e9riences"}]},{"@type":"WebSite","@id":"https:\/\/nousenjeu.fr\/site\/#website","url":"https:\/\/nousenjeu.fr\/site\/","name":"Nous en Jeu","description":"Cultiver la coop\u00e9ration et les relations authentiques pour mieux vivre ensemble","publisher":{"@id":"https:\/\/nousenjeu.fr\/site\/#organization"},"potentialAction":[{"@type":"SearchAction","target":{"@type":"EntryPoint","urlTemplate":"https:\/\/nousenjeu.fr\/site\/?s={search_term_string}"},"query-input":{"@type":"PropertyValueSpecification","valueRequired":true,"valueName":"search_term_string"}}],"inLanguage":"fr-FR"},{"@type":"Organization","@id":"https:\/\/nousenjeu.fr\/site\/#organization","name":"Nous en Jeu","url":"https:\/\/nousenjeu.fr\/site\/","logo":{"@type":"ImageObject","inLanguage":"fr-FR","@id":"https:\/\/nousenjeu.fr\/site\/#\/schema\/logo\/image\/","url":"https:\/\/nousenjeu.fr\/site\/wp-content\/uploads\/2025\/08\/Logo-Nous-en-Jeu_fond-transparent.png","contentUrl":"https:\/\/nousenjeu.fr\/site\/wp-content\/uploads\/2025\/08\/Logo-Nous-en-Jeu_fond-transparent.png","width":614,"height":519,"caption":"Nous en Jeu"},"image":{"@id":"https:\/\/nousenjeu.fr\/site\/#\/schema\/logo\/image\/"}}]}},"_links":{"self":[{"href":"https:\/\/nousenjeu.fr\/site\/wp-json\/wp\/v2\/pages\/1130","targetHints":{"allow":["GET"]}}],"collection":[{"href":"https:\/\/nousenjeu.fr\/site\/wp-json\/wp\/v2\/pages"}],"about":[{"href":"https:\/\/nousenjeu.fr\/site\/wp-json\/wp\/v2\/types\/page"}],"author":[{"embeddable":true,"href":"https:\/\/nousenjeu.fr\/site\/wp-json\/wp\/v2\/users\/1"}],"replies":[{"embeddable":true,"href":"https:\/\/nousenjeu.fr\/site\/wp-json\/wp\/v2\/comments?post=1130"}],"version-history":[{"count":89,"href":"https:\/\/nousenjeu.fr\/site\/wp-json\/wp\/v2\/pages\/1130\/revisions"}],"predecessor-version":[{"id":1461,"href":"https:\/\/nousenjeu.fr\/site\/wp-json\/wp\/v2\/pages\/1130\/revisions\/1461"}],"wp:attachment":[{"href":"https:\/\/nousenjeu.fr\/site\/wp-json\/wp\/v2\/media?parent=1130"}],"curies":[{"name":"wp","href":"https:\/\/api.w.org\/{rel}","templated":true}]}}